{"id":195,"date":"2024-11-18T15:28:28","date_gmt":"2024-11-18T15:28:28","guid":{"rendered":"https:\/\/sw.mikolajsikora.pl\/?page_id=195"},"modified":"2025-03-31T19:09:45","modified_gmt":"2025-03-31T19:09:45","slug":"kontakt","status":"publish","type":"page","link":"https:\/\/sw.mikolajsikora.com\/?page_id=195","title":{"rendered":"Kontakt"},"content":{"rendered":"\t\t<div data-elementor-type=\"wp-page\" data-elementor-id=\"195\" class=\"elementor elementor-195\">\n\t\t\t\t<div class=\"elementor-element elementor-element-6d28214 e-flex e-con-boxed wpr-particle-no wpr-jarallax-no wpr-parallax-no wpr-sticky-section-no e-con e-parent\" data-id=\"6d28214\" data-element_type=\"container\">\n\t\t\t\t\t<div class=\"e-con-inner\">\n\t\t\t\t<div class=\"elementor-element elementor-element-3cbd04f elementor-widget elementor-widget-heading\" data-id=\"3cbd04f\" data-element_type=\"widget\" data-widget_type=\"heading.default\">\n\t\t\t\t<div class=\"elementor-widget-container\">\n\t\t\t\t\t<h2 class=\"elementor-heading-title elementor-size-default\">Skontaktuj si\u0119 z nami!<\/h2>\t\t\t\t<\/div>\n\t\t\t\t<\/div>\n\t\t\t\t<div class=\"elementor-element elementor-element-2c69e96 elementor-widget elementor-widget-text-editor\" data-id=\"2c69e96\" data-element_type=\"widget\" data-widget_type=\"text-editor.default\">\n\t\t\t\t<div class=\"elementor-widget-container\">\n\t\t\t\t\t\t\t\t\t<p>Masz pytania? Chcesz dowiedzie\u0107 si\u0119 wi\u0119cej o projekcie, nadchodz\u0105cych spotkaniach lub sposobach zaanga\u017cowania? Jeste\u015bmy tutaj, aby Ci pom\u00f3c!<\/p>\t\t\t\t\t\t\t\t<\/div>\n\t\t\t\t<\/div>\n\t\t\t\t\t<\/div>\n\t\t\t\t<\/div>\n\t\t<div class=\"elementor-element elementor-element-23cc0f8 e-flex e-con-boxed wpr-particle-no wpr-jarallax-no wpr-parallax-no wpr-sticky-section-no e-con e-parent\" data-id=\"23cc0f8\" data-element_type=\"container\">\n\t\t\t\t\t<div class=\"e-con-inner\">\n\t\t\t\t<div class=\"elementor-element elementor-element-03070c7 elementor-widget elementor-widget-image\" data-id=\"03070c7\" data-element_type=\"widget\" data-widget_type=\"image.default\">\n\t\t\t\t<div class=\"elementor-widget-container\">\n\t\t\t\t\t\t\t\t\t\t\t\t\t\t\t<img fetchpriority=\"high\" decoding=\"async\" width=\"182\" height=\"300\" src=\"https:\/\/sw.mikolajsikora.com\/wp-content\/uploads\/2025\/03\/Zdjecie-WhatsApp-2025-03-30-o-15.16.27_1ca2183a-1-182x300.png\" class=\"attachment-medium size-medium wp-image-614\" alt=\"\" srcset=\"https:\/\/sw.mikolajsikora.com\/wp-content\/uploads\/2025\/03\/Zdjecie-WhatsApp-2025-03-30-o-15.16.27_1ca2183a-1-182x300.png 182w, https:\/\/sw.mikolajsikora.com\/wp-content\/uploads\/2025\/03\/Zdjecie-WhatsApp-2025-03-30-o-15.16.27_1ca2183a-1-620x1024.png 620w, https:\/\/sw.mikolajsikora.com\/wp-content\/uploads\/2025\/03\/Zdjecie-WhatsApp-2025-03-30-o-15.16.27_1ca2183a-1-768x1268.png 768w, https:\/\/sw.mikolajsikora.com\/wp-content\/uploads\/2025\/03\/Zdjecie-WhatsApp-2025-03-30-o-15.16.27_1ca2183a-1.png 929w\" sizes=\"(max-width: 182px) 100vw, 182px\" \/>\t\t\t\t\t\t\t\t\t\t\t\t\t\t\t<\/div>\n\t\t\t\t<\/div>\n\t\t<div class=\"elementor-element elementor-element-e9d3c79 e-con-full e-flex wpr-particle-no wpr-jarallax-no wpr-parallax-no wpr-sticky-section-no e-con e-child\" data-id=\"e9d3c79\" data-element_type=\"container\">\n\t\t\t\t<div class=\"elementor-element elementor-element-e8f58c0 elementor-widget elementor-widget-text-editor\" data-id=\"e8f58c0\" data-element_type=\"widget\" data-widget_type=\"text-editor.default\">\n\t\t\t\t<div class=\"elementor-widget-container\">\n\t\t\t\t\t\t\t\t\t<p><b style=\"font-style: inherit;\">Rozalia Klima<\/b><\/p><p><b style=\"font-style: inherit;\">e-mail:<\/b><span style=\"font-size: 16px;\"> kontakt@wilk.sylwia.pl<\/span><\/p><p>Nr tel: 123 123 123<\/p>\t\t\t\t\t\t\t\t<\/div>\n\t\t\t\t<\/div>\n\t\t\t\t<\/div>\n\t\t\t\t\t<\/div>\n\t\t\t\t<\/div>\n\t\t\t\t<\/div>\n\t\t","protected":false},"excerpt":{"rendered":"<p>Skontaktuj si\u0119 z nami! Masz pytania? Chcesz dowiedzie\u0107 si\u0119 wi\u0119cej o projekcie, nadchodz\u0105cych spotkaniach lub sposobach zaanga\u017cowania? Jeste\u015bmy tutaj, aby Ci pom\u00f3c! Rozalia Klima e-mail: kontakt@wilk.sylwia.pl Nr tel: 123 123 123<\/p>\n","protected":false},"author":1,"featured_media":0,"parent":0,"menu_order":0,"comment_status":"closed","ping_status":"closed","template":"","meta":{"site-sidebar-layout":"no-sidebar","site-content-layout":"","ast-site-content-layout":"full-width-container","site-content-style":"default","site-sidebar-style":"default","ast-global-header-display":"","ast-banner-title-visibility":"","ast-main-header-display":"","ast-hfb-above-header-display":"","ast-hfb-below-header-display":"","ast-hfb-mobile-header-display":"","site-post-title":"disabled","ast-breadcrumbs-content":"","ast-featured-img":"disabled","footer-sml-layout":"","theme-transparent-header-meta":"","adv-header-id-meta":"","stick-header-meta":"","header-above-stick-meta":"","header-main-stick-meta":"","header-below-stick-meta":"","astra-migrate-meta-layouts":"default","ast-page-background-enabled":"default","ast-page-background-meta":{"desktop":{"background-color":"var(--ast-global-color-4)","background-image":"","background-repeat":"repeat","background-position":"center center","background-size":"auto","background-attachment":"scroll","background-type":"","background-media":"","overlay-type":"","overlay-color":"","overlay-opacity":"","overlay-gradient":""},"tablet":{"background-color":"","background-image":"","background-repeat":"repeat","background-position":"center center","background-size":"auto","background-attachment":"scroll","background-type":"","background-media":"","overlay-type":"","overlay-color":"","overlay-opacity":"","overlay-gradient":""},"mobile":{"background-color":"","background-image":"","background-repeat":"repeat","background-position":"center center","background-size":"auto","background-attachment":"scroll","background-type":"","background-media":"","overlay-type":"","overlay-color":"","overlay-opacity":"","overlay-gradient":""}},"ast-content-background-meta":{"desktop":{"background-color":"var(--ast-global-color-5)","background-image":"","background-repeat":"repeat","background-position":"center center","background-size":"auto","background-attachment":"scroll","background-type":"","background-media":"","overlay-type":"","overlay-color":"","overlay-opacity":"","overlay-gradient":""},"tablet":{"background-color":"var(--ast-global-color-5)","background-image":"","background-repeat":"repeat","background-position":"center center","background-size":"auto","background-attachment":"scroll","background-type":"","background-media":"","overlay-type":"","overlay-color":"","overlay-opacity":"","overlay-gradient":""},"mobile":{"background-color":"var(--ast-global-color-5)","background-image":"","background-repeat":"repeat","background-position":"center center","background-size":"auto","background-attachment":"scroll","background-type":"","background-media":"","overlay-type":"","overlay-color":"","overlay-opacity":"","overlay-gradient":""}},"footnotes":""},"class_list":["post-195","page","type-page","status-publish","hentry"],"_links":{"self":[{"href":"https:\/\/sw.mikolajsikora.com\/index.php?rest_route=\/wp\/v2\/pages\/195","targetHints":{"allow":["GET"]}}],"collection":[{"href":"https:\/\/sw.mikolajsikora.com\/index.php?rest_route=\/wp\/v2\/pages"}],"about":[{"href":"https:\/\/sw.mikolajsikora.com\/index.php?rest_route=\/wp\/v2\/types\/page"}],"author":[{"embeddable":true,"href":"https:\/\/sw.mikolajsikora.com\/index.php?rest_route=\/wp\/v2\/users\/1"}],"replies":[{"embeddable":true,"href":"https:\/\/sw.mikolajsikora.com\/index.php?rest_route=%2Fwp%2Fv2%2Fcomments&post=195"}],"version-history":[{"count":16,"href":"https:\/\/sw.mikolajsikora.com\/index.php?rest_route=\/wp\/v2\/pages\/195\/revisions"}],"predecessor-version":[{"id":736,"href":"https:\/\/sw.mikolajsikora.com\/index.php?rest_route=\/wp\/v2\/pages\/195\/revisions\/736"}],"wp:attachment":[{"href":"https:\/\/sw.mikolajsikora.com\/index.php?rest_route=%2Fwp%2Fv2%2Fmedia&parent=195"}],"curies":[{"name":"wp","href":"https:\/\/api.w.org\/{rel}","templated":true}]}}