{"id":681,"date":"2025-03-30T17:30:37","date_gmt":"2025-03-30T17:30:37","guid":{"rendered":"https:\/\/sw.mikolajsikora.pl\/?page_id=681"},"modified":"2025-04-13T15:39:54","modified_gmt":"2025-04-13T15:39:54","slug":"elementor-strona-681","status":"publish","type":"page","link":"https:\/\/sw.mikolajsikora.com\/?page_id=681","title":{"rendered":"Busko zdr\u00f3j"},"content":{"rendered":"\t\t<div data-elementor-type=\"wp-page\" data-elementor-id=\"681\" class=\"elementor elementor-681\">\n\t\t\t\t<div class=\"elementor-element elementor-element-04c6699 e-flex e-con-boxed wpr-particle-no wpr-jarallax-no wpr-parallax-no wpr-sticky-section-no e-con e-parent\" data-id=\"04c6699\" data-element_type=\"container\">\n\t\t\t\t\t<div class=\"e-con-inner\">\n\t\t\t\t<div class=\"elementor-element elementor-element-738c71c elementor-widget elementor-widget-heading\" data-id=\"738c71c\" data-element_type=\"widget\" data-widget_type=\"heading.default\">\n\t\t\t\t<div class=\"elementor-widget-container\">\n\t\t\t\t\t<h2 class=\"elementor-heading-title elementor-size-default\">BUSKO - ZDR\u00d3J, 4- 6 Kwietnia<\/h2>\t\t\t\t<\/div>\n\t\t\t\t<\/div>\n\t\t\t\t\t<\/div>\n\t\t\t\t<\/div>\n\t\t<div class=\"elementor-element elementor-element-e6a9295 e-flex e-con-boxed wpr-particle-no wpr-jarallax-no wpr-parallax-no wpr-sticky-section-no e-con e-parent\" data-id=\"e6a9295\" data-element_type=\"container\">\n\t\t\t\t\t<div class=\"e-con-inner\">\n\t\t\t\t<div class=\"elementor-element elementor-element-31de149 elementor-widget__width-initial elementor-widget elementor-widget-text-editor\" data-id=\"31de149\" data-element_type=\"widget\" data-widget_type=\"text-editor.default\">\n\t\t\t\t<div class=\"elementor-widget-container\">\n\t\t\t\t\t\t\t\t\t<p data-sourcepos=\"5:1-5:232\">Serdecznie zapraszamy wszystkich pasjonat\u00f3w s\u0142owa na wyj\u0105tkowe warsztaty kreatywnego pisania! To doskona\u0142a okazja, aby rozwin\u0105\u0107 swoje umiej\u0119tno\u015bci, pozna\u0107 tajniki warsztatu literackiego i spotka\u0107 si\u0119 z innymi mi\u0142o\u015bnikami literatury.<\/p><p data-sourcepos=\"7:1-7:13\"><strong>Co Ci\u0119 Czeka?<\/strong><\/p><ul data-sourcepos=\"9:1-14:0\"><li data-sourcepos=\"9:1-9:48\">\u0106wiczenia rozwijaj\u0105ce wyobra\u017ani\u0119 i kreatywno\u015b\u0107<\/li><li data-sourcepos=\"10:1-10:58\">Analiza tekst\u00f3w literackich pod k\u0105tem technik pisarskich<\/li><li data-sourcepos=\"11:1-11:40\">Indywidualne konsultacje z prowadz\u0105cym<\/li><li data-sourcepos=\"12:1-12:78\">Mo\u017cliwo\u015b\u0107 prezentacji w\u0142asnych tekst\u00f3w i uzyskania konstruktywnego feedbacku<\/li><li data-sourcepos=\"13:1-14:0\">Nawi\u0105zanie kontakt\u00f3w z innymi pisz\u0105cymi osobami<\/li><\/ul><p data-sourcepos=\"15:1-15:9\"><strong>Dla Kogo?<\/strong><\/p><p data-sourcepos=\"17:1-17:280\">Warsztaty s\u0105 skierowane zar\u00f3wno do os\u00f3b pocz\u0105tkuj\u0105cych, kt\u00f3re dopiero rozpoczynaj\u0105 swoj\u0105 przygod\u0119 z pisaniem, jak i do bardziej zaawansowanych, pragn\u0105cych doskonali\u0107 swoje umiej\u0119tno\u015bci. Niezale\u017cnie od tego, czy piszesz poezj\u0119, proz\u0119, czy scenariusze, znajdziesz tu co\u015b dla siebie!<\/p>\t\t\t\t\t\t\t\t<\/div>\n\t\t\t\t<\/div>\n\t\t\t\t<div class=\"elementor-element elementor-element-50a59b7 elementor-widget elementor-widget-image\" data-id=\"50a59b7\" data-element_type=\"widget\" data-widget_type=\"image.default\">\n\t\t\t\t<div class=\"elementor-widget-container\">\n\t\t\t\t\t\t\t\t\t\t\t\t\t\t\t<img decoding=\"async\" src=\"https:\/\/sw.mikolajsikora.com\/wp-content\/uploads\/elementor\/thumbs\/Frame-17-2-r3mv2sljqkn21xd5xxqp3jh2fo3jeo3z44foui1luc.png\" title=\"Frame 17\" alt=\"Frame 17\" loading=\"lazy\" \/>\t\t\t\t\t\t\t\t\t\t\t\t\t\t\t<\/div>\n\t\t\t\t<\/div>\n\t\t\t\t\t<\/div>\n\t\t\t\t<\/div>\n\t\t<div class=\"elementor-element elementor-element-0a74dba e-flex e-con-boxed wpr-particle-no wpr-jarallax-no wpr-parallax-no wpr-sticky-section-no e-con e-parent\" data-id=\"0a74dba\" data-element_type=\"container\">\n\t\t\t\t\t<div class=\"e-con-inner\">\n\t\t\t\t<div class=\"elementor-element elementor-element-9c121ac elementor-widget__width-initial elementor-widget elementor-widget-text-editor\" data-id=\"9c121ac\" data-element_type=\"widget\" data-widget_type=\"text-editor.default\">\n\t\t\t\t<div class=\"elementor-widget-container\">\n\t\t\t\t\t\t\t\t\t<p data-sourcepos=\"19:1-19:10\"><strong>Prowadz\u0105cy<\/strong><\/p><p data-sourcepos=\"21:1-21:148\">Warsztaty poprowadzi [Imi\u0119 i Nazwisko], do\u015bwiadczony pisarz i pedagog, autor [liczba] powie\u015bci i zbior\u00f3w opowiada\u0144. [Kr\u00f3tka biografia prowadz\u0105cego].<\/p><p data-sourcepos=\"23:1-23:21\">Informacje Praktyczne<\/p><ul data-sourcepos=\"25:1-30:0\"><li data-sourcepos=\"25:1-25:25\">Data: [Data wydarzenia]<\/li><li data-sourcepos=\"26:1-26:56\">Godzina: [Godzina rozpocz\u0119cia] &#8211; [Godzina zako\u0144czenia]<\/li><li data-sourcepos=\"27:1-27:26\">Miejsce: [Nazwa miejsca]<\/li><li data-sourcepos=\"28:1-28:14\">Cena: [Cena]<\/li><li data-sourcepos=\"29:1-30:0\">Liczba miejsc ograniczona!<\/li><\/ul><p data-sourcepos=\"31:1-31:6\">Zapisy<\/p><p data-sourcepos=\"33:1-33:205\">Aby zapisa\u0107 si\u0119 na warsztaty, prosimy o wype\u0142nienie formularza zg\u0142oszeniowego dost\u0119pnego pod [link do formularza]. W razie pyta\u0144 prosimy o kontakt mailowy: [adres email] lub telefoniczny: [numer telefonu].<\/p><p data-sourcepos=\"35:1-35:14\">Do Zobaczenia!<\/p><p data-sourcepos=\"37:1-37:92\">Nie przegap tej wyj\u0105tkowej okazji, aby rozwin\u0105\u0107 swoje pisarskie skrzyd\u0142a! Czekamy na Ciebie!<\/p>\t\t\t\t\t\t\t\t<\/div>\n\t\t\t\t<\/div>\n\t\t\t\t<div class=\"elementor-element elementor-element-be8bdfd elementor-widget elementor-widget-spacer\" data-id=\"be8bdfd\" data-element_type=\"widget\" data-widget_type=\"spacer.default\">\n\t\t\t\t<div class=\"elementor-widget-container\">\n\t\t\t\t\t\t\t<div class=\"elementor-spacer\">\n\t\t\t<div class=\"elementor-spacer-inner\"><\/div>\n\t\t<\/div>\n\t\t\t\t\t\t<\/div>\n\t\t\t\t<\/div>\n\t\t\t\t\t<\/div>\n\t\t\t\t<\/div>\n\t\t<div class=\"elementor-element elementor-element-4283a18 e-flex e-con-boxed wpr-particle-no wpr-jarallax-no wpr-parallax-no wpr-sticky-section-no e-con e-parent\" data-id=\"4283a18\" data-element_type=\"container\">\n\t\t\t\t\t<div class=\"e-con-inner\">\n\t\t\t\t<div class=\"elementor-element elementor-element-e79e05d elementor-widget__width-initial elementor-widget elementor-widget-heading\" data-id=\"e79e05d\" data-element_type=\"widget\" data-widget_type=\"heading.default\">\n\t\t\t\t<div class=\"elementor-widget-container\">\n\t\t\t\t\t<h2 class=\"elementor-heading-title elementor-size-default\">Zapisz si\u0119 ju\u017c dzi\u015b!<\/h2>\t\t\t\t<\/div>\n\t\t\t\t<\/div>\n\t\t\t\t<div class=\"elementor-element elementor-element-81de18a elementor-widget__width-initial elementor-button-align-center bdt-background-overlay-yes elementor-widget elementor-widget-bdt-contact-form\" data-id=\"81de18a\" data-element_type=\"widget\" data-widget_type=\"bdt-contact-form.default\">\n\t\t\t\t<div class=\"elementor-widget-container\">\n\t\t\t\t\t\t\t<div class=\"bdt-contact-form bdt-contact-form-skin-default\">\n\t\t\t<div class=\"elementor-form-fields-wrapper\">\n\t\t\t\t\t\t<div class=\"bdt-contact-form-wrapper\">\n\t\t\t<form class=\"bdt-contact-form-form bdt-form-stacked bdt-grid bdt-grid-small without-recaptcha\" data-bdt-grid=\"\" action=\"https:\/\/sw.mikolajsikora.com\/wp-admin\/admin-ajax.php\" method=\"post\">\n\n\t\t\t\t\n\t\t\t\t\t<div class=\"bdt-field-group elementor-field-required bdt-width-1-1\">\n\t\t\t\t\t\t<label for=\"user_name81de18a\" class=\"bdt-form-label\">Imi\u0119 i Nazwisko<\/label><div class=\"bdt-form-controls\"><input type=\"text\" name=\"name\" id=\"user_name81de18a\" placeholder=\"np. Joanna Kowalska\" class=\"bdt-input bdt-form-small\" required =\"required\"><\/div>\t\t\t\t\t<\/div>\n\n\t\t\t\t\t<div class=\"bdt-field-group elementor-field-required bdt-width-1-1\">\n\t\t\t\t\t\t<label for=\"email81de18a\" class=\"bdt-form-label\">Email*<\/label><div class=\"bdt-form-controls\"><input type=\"email\" name=\"email\" id=\"email81de18a\" placeholder=\"przyk\u0142adowy@email.com\" class=\"bdt-input bdt-form-small\" required=\"required\"><\/div>\t\t\t\t\t<\/div>\n\n\t\t\t\t\t\n\t\t\t\t\t\n\t\t\t\t\t\n\t\t\t\t\t\t\t\t\t\t\t<div class=\"bdt-field-group bdt-width-1-1 elementor-field-required\">\n\t\t\t\t\t\t\t<label for=\"message81de18a\" class=\"bdt-form-label\">Tre\u015b\u0107 wiadomo\u015b\u0107i<\/label><div class=\"bdt-form-controls\"><textarea name=\"message\" id=\"message81de18a\" rows=\"2\" placeholder=\"Tre\u015b\u0107 wiadomo\u015bci\" class=\"bdt-textarea bdt-form-small\" required=\"required\"><\/textarea><\/div>\t\t\t\t\t\t<\/div>\n\t\t\t\t\t\n\t\t\t\t\t\n\n\t\t\t\t\t\n\t\t\t\t\t\n\t\t\t\t\t<input type=\"hidden\" class=\"widget_id\" name=\"widget_id\" value=\"81de18a\" \/>\n\t\t\t\t\t<input type=\"hidden\" name=\"bdt-sf-81de18a\" value=\"true\" \/>\n\t\t\t\t\t<input type=\"hidden\" class=\"page_id\" name=\"page_id\" value=\"681\" \/>\n\n\t\t\t\t\t<div class=\"elementor-field-type-submit bdt-field-group bdt-flex bdt-width-1-1\">\n\t\t\t\t\t\t<button type=\"submit\" class=\"bdt-button-full-width elementor-button bdt-button bdt-button-primary\" name=\"submit\">\n\t\t\t\t\t\t\t\t\t\t\t\t\t\t\t<span>\n\t\t\t\t\t\t\t\t\tWy\u015blij\t\t\t\t\t\t\t\t<\/span>\n\t\t\t\t\t\t\t\t\t\t\t\t\t<\/button>\n\t\t\t\t\t<\/div>\n\n\t\t\t\t\t<input name=\"_wpnonce\" value=\"fa6325204f\" type=\"hidden\">\n\t\t\t\t\t\n\t\t\t\t\t\t\t\t\t\t\n\n\t\t\t\t\t<input type=\"hidden\" name=\"action\" value=\"element_pack_contact_form\" \/>\n\n\t\t\t\t\t\n\t\t\t<\/form>\n\t\t<\/div>\n\t\t\t\t\t<\/div>\n\t\t<\/div>\n\t\t\t\t\t\t<\/div>\n\t\t\t\t<\/div>\n\t\t\t\t\t<\/div>\n\t\t\t\t<\/div>\n\t\t\t\t<\/div>\n\t\t","protected":false},"excerpt":{"rendered":"<p>BUSKO &#8211; ZDR\u00d3J, 4- 6 Kwietnia Serdecznie zapraszamy wszystkich pasjonat\u00f3w s\u0142owa na wyj\u0105tkowe warsztaty kreatywnego pisania! To doskona\u0142a okazja, aby rozwin\u0105\u0107 swoje umiej\u0119tno\u015bci, pozna\u0107 tajniki warsztatu literackiego i spotka\u0107 si\u0119 z innymi mi\u0142o\u015bnikami literatury. Co Ci\u0119 Czeka? \u0106wiczenia rozwijaj\u0105ce wyobra\u017ani\u0119 i kreatywno\u015b\u0107 Analiza tekst\u00f3w literackich pod k\u0105tem technik pisarskich Indywidualne konsultacje z prowadz\u0105cym Mo\u017cliwo\u015b\u0107 prezentacji w\u0142asnych tekst\u00f3w i uzyskania konstruktywnego feedbacku Nawi\u0105zanie kontakt\u00f3w z innymi pisz\u0105cymi osobami Dla Kogo? Warsztaty s\u0105 skierowane zar\u00f3wno do os\u00f3b pocz\u0105tkuj\u0105cych, kt\u00f3re dopiero rozpoczynaj\u0105 swoj\u0105 przygod\u0119 z pisaniem, jak i do bardziej zaawansowanych, pragn\u0105cych doskonali\u0107 swoje umiej\u0119tno\u015bci. Niezale\u017cnie od tego, czy piszesz poezj\u0119, proz\u0119, czy scenariusze, znajdziesz tu co\u015b dla siebie! Prowadz\u0105cy Warsztaty poprowadzi [Imi\u0119 i Nazwisko], do\u015bwiadczony pisarz i pedagog, autor [liczba] powie\u015bci i zbior\u00f3w opowiada\u0144. [Kr\u00f3tka biografia prowadz\u0105cego]. Informacje Praktyczne Data: [Data wydarzenia] Godzina: [Godzina rozpocz\u0119cia] &#8211; [Godzina zako\u0144czenia] Miejsce: [Nazwa miejsca] Cena: [Cena] Liczba miejsc ograniczona! Zapisy Aby zapisa\u0107 si\u0119 na warsztaty, prosimy o wype\u0142nienie formularza zg\u0142oszeniowego dost\u0119pnego pod [link do formularza]. W razie pyta\u0144 prosimy o kontakt mailowy: [adres email] lub telefoniczny: [numer telefonu]. Do Zobaczenia! Nie przegap tej wyj\u0105tkowej okazji, aby rozwin\u0105\u0107 swoje pisarskie skrzyd\u0142a! Czekamy na Ciebie! Zapisz si\u0119 ju\u017c dzi\u015b! Imi\u0119 i Nazwisko Email* Tre\u015b\u0107 wiadomo\u015b\u0107i Wy\u015blij<\/p>\n","protected":false},"author":1,"featured_media":0,"parent":0,"menu_order":0,"comment_status":"closed","ping_status":"closed","template":"","meta":{"site-sidebar-layout":"no-sidebar","site-content-layout":"","ast-site-content-layout":"full-width-container","site-content-style":"default","site-sidebar-style":"default","ast-global-header-display":"","ast-banner-title-visibility":"","ast-main-header-display":"","ast-hfb-above-header-display":"","ast-hfb-below-header-display":"","ast-hfb-mobile-header-display":"","site-post-title":"disabled","ast-breadcrumbs-content":"","ast-featured-img":"disabled","footer-sml-layout":"","theme-transparent-header-meta":"","adv-header-id-meta":"","stick-header-meta":"","header-above-stick-meta":"","header-main-stick-meta":"","header-below-stick-meta":"","astra-migrate-meta-layouts":"default","ast-page-background-enabled":"default","ast-page-background-meta":{"desktop":{"background-color":"var(--ast-global-color-4)","background-image":"","background-repeat":"repeat","background-position":"center center","background-size":"auto","background-attachment":"scroll","background-type":"","background-media":"","overlay-type":"","overlay-color":"","overlay-opacity":"","overlay-gradient":""},"tablet":{"background-color":"","background-image":"","background-repeat":"repeat","background-position":"center center","background-size":"auto","background-attachment":"scroll","background-type":"","background-media":"","overlay-type":"","overlay-color":"","overlay-opacity":"","overlay-gradient":""},"mobile":{"background-color":"","background-image":"","background-repeat":"repeat","background-position":"center center","background-size":"auto","background-attachment":"scroll","background-type":"","background-media":"","overlay-type":"","overlay-color":"","overlay-opacity":"","overlay-gradient":""}},"ast-content-background-meta":{"desktop":{"background-color":"var(--ast-global-color-5)","background-image":"","background-repeat":"repeat","background-position":"center center","background-size":"auto","background-attachment":"scroll","background-type":"","background-media":"","overlay-type":"","overlay-color":"","overlay-opacity":"","overlay-gradient":""},"tablet":{"background-color":"var(--ast-global-color-5)","background-image":"","background-repeat":"repeat","background-position":"center center","background-size":"auto","background-attachment":"scroll","background-type":"","background-media":"","overlay-type":"","overlay-color":"","overlay-opacity":"","overlay-gradient":""},"mobile":{"background-color":"var(--ast-global-color-5)","background-image":"","background-repeat":"repeat","background-position":"center center","background-size":"auto","background-attachment":"scroll","background-type":"","background-media":"","overlay-type":"","overlay-color":"","overlay-opacity":"","overlay-gradient":""}},"footnotes":""},"class_list":["post-681","page","type-page","status-publish","hentry"],"_links":{"self":[{"href":"https:\/\/sw.mikolajsikora.com\/index.php?rest_route=\/wp\/v2\/pages\/681","targetHints":{"allow":["GET"]}}],"collection":[{"href":"https:\/\/sw.mikolajsikora.com\/index.php?rest_route=\/wp\/v2\/pages"}],"about":[{"href":"https:\/\/sw.mikolajsikora.com\/index.php?rest_route=\/wp\/v2\/types\/page"}],"author":[{"embeddable":true,"href":"https:\/\/sw.mikolajsikora.com\/index.php?rest_route=\/wp\/v2\/users\/1"}],"replies":[{"embeddable":true,"href":"https:\/\/sw.mikolajsikora.com\/index.php?rest_route=%2Fwp%2Fv2%2Fcomments&post=681"}],"version-history":[{"count":61,"href":"https:\/\/sw.mikolajsikora.com\/index.php?rest_route=\/wp\/v2\/pages\/681\/revisions"}],"predecessor-version":[{"id":766,"href":"https:\/\/sw.mikolajsikora.com\/index.php?rest_route=\/wp\/v2\/pages\/681\/revisions\/766"}],"wp:attachment":[{"href":"https:\/\/sw.mikolajsikora.com\/index.php?rest_route=%2Fwp%2Fv2%2Fmedia&parent=681"}],"curies":[{"name":"wp","href":"https:\/\/api.w.org\/{rel}","templated":true}]}}