{"id":913,"date":"2025-09-10T18:19:41","date_gmt":"2025-09-10T18:19:41","guid":{"rendered":"https:\/\/weselejudytyimikolaja.info\/?page_id=913"},"modified":"2025-09-12T16:16:54","modified_gmt":"2025-09-12T16:16:54","slug":"szablon-4","status":"publish","type":"page","link":"https:\/\/sw.mikolajsikora.com\/?page_id=913","title":{"rendered":"D\u0105brownica\u200b"},"content":{"rendered":"\t\t<div data-elementor-type=\"wp-page\" data-elementor-id=\"913\" class=\"elementor elementor-913\">\n\t\t\t\t<div class=\"elementor-element elementor-element-6ebab97 e-flex e-con-boxed wpr-particle-no wpr-jarallax-no wpr-parallax-no wpr-sticky-section-no e-con e-parent\" data-id=\"6ebab97\" data-element_type=\"container\">\n\t\t\t\t\t<div class=\"e-con-inner\">\n\t\t\t\t<div class=\"elementor-element elementor-element-be0e79e elementor-widget elementor-widget-heading\" data-id=\"be0e79e\" data-element_type=\"widget\" data-widget_type=\"heading.default\">\n\t\t\t\t<div class=\"elementor-widget-container\">\n\t\t\t\t\t<h2 class=\"elementor-heading-title elementor-size-default\">D\u0105brownica<\/h2>\t\t\t\t<\/div>\n\t\t\t\t<\/div>\n\t\t\t\t<div class=\"elementor-element elementor-element-dea0166 elementor-widget elementor-widget-heading\" data-id=\"dea0166\" data-element_type=\"widget\" data-widget_type=\"heading.default\">\n\t\t\t\t<div class=\"elementor-widget-container\">\n\t\t\t\t\t<h2 class=\"elementor-heading-title elementor-size-default\">2023<\/h2>\t\t\t\t<\/div>\n\t\t\t\t<\/div>\n\t\t\t\t\t<\/div>\n\t\t\t\t<\/div>\n\t\t<div class=\"elementor-element elementor-element-d88a169 e-flex e-con-boxed wpr-particle-no wpr-jarallax-no wpr-parallax-no wpr-sticky-section-no e-con e-parent\" data-id=\"d88a169\" data-element_type=\"container\">\n\t\t\t\t\t<div class=\"e-con-inner\">\n\t\t\t\t<div class=\"elementor-element elementor-element-69ac95f elementor-widget elementor-widget-image\" data-id=\"69ac95f\" data-element_type=\"widget\" data-widget_type=\"image.default\">\n\t\t\t\t<div class=\"elementor-widget-container\">\n\t\t\t\t\t\t\t\t\t\t\t\t\t\t\t<img fetchpriority=\"high\" decoding=\"async\" width=\"1024\" height=\"768\" src=\"https:\/\/sw.mikolajsikora.com\/wp-content\/uploads\/2025\/09\/IMG-20230206-WA0000-1536x1152-1-1024x768.jpg\" class=\"attachment-large size-large wp-image-1155\" alt=\"\" srcset=\"https:\/\/sw.mikolajsikora.com\/wp-content\/uploads\/2025\/09\/IMG-20230206-WA0000-1536x1152-1-1024x768.jpg 1024w, https:\/\/sw.mikolajsikora.com\/wp-content\/uploads\/2025\/09\/IMG-20230206-WA0000-1536x1152-1-300x225.jpg 300w, https:\/\/sw.mikolajsikora.com\/wp-content\/uploads\/2025\/09\/IMG-20230206-WA0000-1536x1152-1-768x576.jpg 768w, https:\/\/sw.mikolajsikora.com\/wp-content\/uploads\/2025\/09\/IMG-20230206-WA0000-1536x1152-1.jpg 1536w\" sizes=\"(max-width: 1024px) 100vw, 1024px\" \/>\t\t\t\t\t\t\t\t\t\t\t\t\t\t\t<\/div>\n\t\t\t\t<\/div>\n\t\t\t\t\t<\/div>\n\t\t\t\t<\/div>\n\t\t<div class=\"elementor-element elementor-element-e841ac7 e-flex e-con-boxed wpr-particle-no wpr-jarallax-no wpr-parallax-no wpr-sticky-section-no e-con e-parent\" data-id=\"e841ac7\" data-element_type=\"container\">\n\t\t\t\t\t<div class=\"e-con-inner\">\n\t\t\t\t<div class=\"elementor-element elementor-element-6f668f1 elementor-widget elementor-widget-heading\" data-id=\"6f668f1\" data-element_type=\"widget\" data-widget_type=\"heading.default\">\n\t\t\t\t<div class=\"elementor-widget-container\">\n\t\t\t\t\t<h2 class=\"elementor-heading-title elementor-size-default\">\u015awiadectwa<\/h2>\t\t\t\t<\/div>\n\t\t\t\t<\/div>\n\t\t<div class=\"elementor-element elementor-element-23775b0 e-con-full e-flex wpr-particle-no wpr-jarallax-no wpr-parallax-no wpr-sticky-section-no e-con e-child\" data-id=\"23775b0\" data-element_type=\"container\">\n\t\t\t\t<div class=\"elementor-element elementor-element-5d8e940 elementor-widget elementor-widget-text-editor\" data-id=\"5d8e940\" data-element_type=\"widget\" data-widget_type=\"text-editor.default\">\n\t\t\t\t<div class=\"elementor-widget-container\">\n\t\t\t\t\t\t\t\t\t<p>\u201eJest we mnie tak wiele, potrzebuje chwili ciszy, zamkni\u0119cia w pokoju z nim aby m\u00f3c to pouk\u0142ada\u0107. Ogromne pragnienie pobycia z Bogiem Ojcem sam na sam, w ma\u0142ym zamkni\u0119tym pokoju, w samotno\u015bci.\u201d<\/p><p>\u201eDzi\u0119kuje Bo\u017ce, za uwolnienie z siatki l\u0119ku, powo\u0142anie do Ewangelizacji, mog\u0142am skupi\u0107 si\u0119 na Bogu, \u015bwiadectwo innych kobiet<\/p><p>przekonywanie, \u017ce dla Boga nie ma rzeczy niemo\u017cliwych i to On mnie prowadzi, rado\u015b\u0107 w sercu,spe\u0142nienie moich oczekiwa\u0144 przed rekolekcjami, odpocz\u0119\u0142am\u201d.<\/p>\t\t\t\t\t\t\t\t<\/div>\n\t\t\t\t<\/div>\n\t\t\t\t<div class=\"elementor-element elementor-element-7d0a5bb elementor-widget elementor-widget-text-editor\" data-id=\"7d0a5bb\" data-element_type=\"widget\" data-widget_type=\"text-editor.default\">\n\t\t\t\t<div class=\"elementor-widget-container\">\n\t\t\t\t\t\t\t\t\t<p><strong>Dorota<\/strong><\/p>\t\t\t\t\t\t\t\t<\/div>\n\t\t\t\t<\/div>\n\t\t\t\t<\/div>\n\t\t<div class=\"elementor-element elementor-element-476344b e-con-full e-flex wpr-particle-no wpr-jarallax-no wpr-parallax-no wpr-sticky-section-no e-con e-child\" data-id=\"476344b\" data-element_type=\"container\">\n\t\t\t\t<div class=\"elementor-element elementor-element-40cbf2c elementor-widget elementor-widget-text-editor\" data-id=\"40cbf2c\" data-element_type=\"widget\" data-widget_type=\"text-editor.default\">\n\t\t\t\t<div class=\"elementor-widget-container\">\n\t\t\t\t\t\t\t\t\t<p><em>\u201eB\u00f3g w Tym czasie-o\u015bwieci\u0142 mnie Jak czyta\u0107 Pismo \u015bw, i nim si\u0119 pos\u0142ugiwa\u0107. O\u015bwieci\u0142, wzmocni\u0142 du\u017co ufno\u015bci w Pana Jezusa. Nowa Misja w moim \u017cyciu\u201d.<\/em><\/p>\t\t\t\t\t\t\t\t<\/div>\n\t\t\t\t<\/div>\n\t\t\t\t<div class=\"elementor-element elementor-element-fead966 elementor-widget elementor-widget-text-editor\" data-id=\"fead966\" data-element_type=\"widget\" data-widget_type=\"text-editor.default\">\n\t\t\t\t<div class=\"elementor-widget-container\">\n\t\t\t\t\t\t\t\t\t<p><em>\u201eB\u00f3g da\u0142 mi odpocz\u0105\u0107 przy sobie, przypomnia\u0142 o swojej mi\u0142o\u015bci, uciszy\u0142 emocje, przypomnia\u0142, jakie talenty mi da\u0142, pragnienia. Umocni\u0142 przekonanie, \u017ce wci\u0105\u017c mnie prowadzi i mamy jeszcze wiele do zbawienia. Chwa\u0142a Panu\u201d.<\/em><\/p>\t\t\t\t\t\t\t\t<\/div>\n\t\t\t\t<\/div>\n\t\t\t\t<div class=\"elementor-element elementor-element-5ea821d elementor-widget elementor-widget-text-editor\" data-id=\"5ea821d\" data-element_type=\"widget\" data-widget_type=\"text-editor.default\">\n\t\t\t\t<div class=\"elementor-widget-container\">\n\t\t\t\t\t\t\t\t\t<p>\u201eDo\u015bwiadczy\u0142am rado\u015bci, odkry\u0142am rado\u015b\u0107 z ka\u017cdej chwili \u017cycia. Dosta\u0142am moc i wiedze jak dalej \u017cy\u0107\u201d.<\/p>\t\t\t\t\t\t\t\t<\/div>\n\t\t\t\t<\/div>\n\t\t\t\t<div class=\"elementor-element elementor-element-2a740a7 elementor-widget elementor-widget-text-editor\" data-id=\"2a740a7\" data-element_type=\"widget\" data-widget_type=\"text-editor.default\">\n\t\t\t\t<div class=\"elementor-widget-container\">\n\t\t\t\t\t\t\t\t\t<p>\u201eDoda\u0142 odwagi w podejmowaniu dzia\u0142ania. Oczy\u015bci\u0142 moje serce z wyrzut\u00f3w sumienia w sakramencie spowiedzi.<\/p>\t\t\t\t\t\t\t\t<\/div>\n\t\t\t\t<\/div>\n\t\t\t\t<div class=\"elementor-element elementor-element-ed2716a elementor-widget elementor-widget-text-editor\" data-id=\"ed2716a\" data-element_type=\"widget\" data-widget_type=\"text-editor.default\">\n\t\t\t\t<div class=\"elementor-widget-container\">\n\t\t\t\t\t\t\t\t\t<p>Pokaza\u0142 drog\u0119 do samoakceptacji. Poczu\u0142am, \u017ce ja tez jestem dla Niego wa\u017cna. Utwierdzi\u0142 mnie w tym, \u017ce mnie kocha\u201d<\/p>\t\t\t\t\t\t\t\t<\/div>\n\t\t\t\t<\/div>\n\t\t\t\t<div class=\"elementor-element elementor-element-c87355c elementor-widget elementor-widget-text-editor\" data-id=\"c87355c\" data-element_type=\"widget\" data-widget_type=\"text-editor.default\">\n\t\t\t\t<div class=\"elementor-widget-container\">\n\t\t\t\t\t\t\t\t\t<p>\u201eOd jakiego\u015b czasu prosi\u0142am Pana, aby ods\u0142oni\u0142 ciemne miejsca w moim sercu, gdzie nie dopuszczam \u015bwiat\u0142\u0105, one mnie blokuj\u0105.Na tych rekolekcjach stan\u0119\u0142am w prawdzie przed Bogiem i przed sob\u0105 ,,A Prawda Was wyzwoli\u201dWierz\u0119, \u017ce na Kobieta Kr\u00f3lewski Projekt Prawd\u0105 jest Jezus Chrystus, te ciemne plamy zosta\u0142y zniszczone i wesz\u0142o tam \u015bwiat\u0142o\u201d.<\/p>\t\t\t\t\t\t\t\t<\/div>\n\t\t\t\t<\/div>\n\t\t\t\t<div class=\"elementor-element elementor-element-75bb8ae elementor-widget elementor-widget-text-editor\" data-id=\"75bb8ae\" data-element_type=\"widget\" data-widget_type=\"text-editor.default\">\n\t\t\t\t<div class=\"elementor-widget-container\">\n\t\t\t\t\t\t\t\t\t<p><strong>Hania<\/strong><\/p>\t\t\t\t\t\t\t\t<\/div>\n\t\t\t\t<\/div>\n\t\t\t\t<\/div>\n\t\t<div class=\"elementor-element elementor-element-6813355 e-con-full e-flex wpr-particle-no wpr-jarallax-no wpr-parallax-no wpr-sticky-section-no e-con e-child\" data-id=\"6813355\" data-element_type=\"container\">\n\t\t\t\t<div class=\"elementor-element elementor-element-6c89a08 elementor-widget elementor-widget-text-editor\" data-id=\"6c89a08\" data-element_type=\"widget\" data-widget_type=\"text-editor.default\">\n\t\t\t\t<div class=\"elementor-widget-container\">\n\t\t\t\t\t\t\t\t\t<p>\u201eB\u00f3g pokaza\u0142 mi co jest misj\u0105 mojego \u017cycia. M\u00f3wi\u0142 do mnie podczas adoracji, dosta\u0142am S\u0142owo. Do\u015bwiadczy\u0142am Jego obecno\u015bci, spotkania z cudownymi kobietami, kt\u00f3re u\u015bwiadomi\u0142y mi Jego dzia\u0142anie.Doda\u0142 mi odwagi i pokaza\u0142 drog\u0119, kt\u00f3r\u0105 mama i\u015b\u0107. B\u00f3g sprawi\u0142, \u017ce poczu\u0142am si\u0119 dobra, bo jak pojecha\u0142am na rekolekcje czu\u0142am si\u0119, \u017ale fizycznie ( ko\u0142atowanie serca, skoki ci\u015bnienia, z\u0142e samopoczucie).Chwa\u0142a Panu!\u201d.<\/p>\t\t\t\t\t\t\t\t<\/div>\n\t\t\t\t<\/div>\n\t\t\t\t<div class=\"elementor-element elementor-element-943987d elementor-widget elementor-widget-text-editor\" data-id=\"943987d\" data-element_type=\"widget\" data-widget_type=\"text-editor.default\">\n\t\t\t\t<div class=\"elementor-widget-container\">\n\t\t\t\t\t\t\t\t\t<p>\u201e B\u00f3g pokaza\u0142 mi na tych rek, \u017ce chce mojej wyj\u0105tkowo\u015bci i niepowtarzalno\u015bci, chce bym by\u0142a \u017ar\u00f3d\u0142em a nie kopi\u0105. Pan zach\u0119ca mnie do p\u00f3j\u015bcia dalej, oraz do odrzucenia l\u0119ku zwi\u0105zanego z nowym powo\u0142aniem i jego pomys\u0142ami na moje \u017cycie. Pan pokazuje mi \u017ce mog\u0119 prowadzi\u0107 kr\u00f3lewski \u2013 \u015bwi\u0119ty styl \u017cycia\u201d.<\/p>\t\t\t\t\t\t\t\t<\/div>\n\t\t\t\t<\/div>\n\t\t\t\t<div class=\"elementor-element elementor-element-787f5b7 elementor-widget elementor-widget-text-editor\" data-id=\"787f5b7\" data-element_type=\"widget\" data-widget_type=\"text-editor.default\">\n\t\t\t\t<div class=\"elementor-widget-container\">\n\t\t\t\t\t\t\t\t\t<p><em>B\u00f3g przemienia moje my\u015blenie, uwalnia mnie od moich zniewole\u0144 i l\u0119k\u00f3w,otwiera mnie na ludzi, zabiera mi poczucie zani\u017conej samooceny i nieakceptacji siebie,staj\u0119 w prawdzie ze sob\u0105 sam\u0105. Chwa\u0142a Panu\u201d.<\/em><\/p>\t\t\t\t\t\t\t\t<\/div>\n\t\t\t\t<\/div>\n\t\t\t\t<div class=\"elementor-element elementor-element-c4a24a7 elementor-widget elementor-widget-text-editor\" data-id=\"c4a24a7\" data-element_type=\"widget\" data-widget_type=\"text-editor.default\">\n\t\t\t\t<div class=\"elementor-widget-container\">\n\t\t\t\t\t\t\t\t\t<p>\u201eCo B\u00f3g zrobi\u0142 dla mnie w tym czasie? Pozna\u0142am bo\u017ce kobiety, upomnia\u0142 si\u0119 o czas dla siebie, przypomnia\u0142 to co wcze\u015bniej s\u0142ysza\u0142am, przypomnia\u0142 \u017ce jest moim ojcem, jest najwa\u017cniejszy i troszczy si\u0119 o mnie. Do\u015bwiadczy\u0142am Bo\u017cej mi\u0142o\u015bci\u201d<\/p>\t\t\t\t\t\t\t\t<\/div>\n\t\t\t\t<\/div>\n\t\t\t\t<div class=\"elementor-element elementor-element-24080f2 elementor-widget elementor-widget-text-editor\" data-id=\"24080f2\" data-element_type=\"widget\" data-widget_type=\"text-editor.default\">\n\t\t\t\t<div class=\"elementor-widget-container\">\n\t\t\t\t\t\t\t\t\t<p>\u201e Zobaczy\u0142am relacj\u0119 z m\u0119\u017cem, tak z zewn\u0105trz, co musz\u0119, chc\u0119 poprawi\u0107 i zmieni\u0107. Da\u0142 mi wewn\u0119trzny pok\u00f3j i pewno\u015b\u0107. Powoli zdejmuje uprzedzenia wobec innych os\u00f3b\u201d<\/p>\t\t\t\t\t\t\t\t<\/div>\n\t\t\t\t<\/div>\n\t\t\t\t<div class=\"elementor-element elementor-element-d7836db elementor-widget elementor-widget-text-editor\" data-id=\"d7836db\" data-element_type=\"widget\" data-widget_type=\"text-editor.default\">\n\t\t\t\t<div class=\"elementor-widget-container\">\n\t\t\t\t\t\t\t\t\t<p>\u201eCo B\u00f3g zrobi\u0142 dla mnie w tym czasie?<\/p><p>Najbardziej uderzy\u0142a mnie rozmowa z ksi\u0119dzem podczas spowiedzi. Otworzy\u0142am swoje serce, pe\u0142na pokoju kt\u00f3rego dozna\u0142am podczas adoracji w Naj\u015bwi\u0119tszym Sakramencie. By\u0142am bardzo uwik\u0142ana w wielk\u0105 sie\u0107 z kt\u00f3rej nie mog\u0142am si\u0119 uwolni\u0107. By\u0142am Bardzo s\u0142aba, pe\u0142na grzechu i l\u0119ku. Pan B\u00f3g \u2013 Tatu\u015b powiedzia\u0142 do mnie Asiu jestem z Tob\u0105, uwierz nie b\u00f3j si\u0119, Ja bardzo Ci\u0119 kocham. Ufaj Mi, Kocham Cie \u2013 oddaj mi siebie ca\u0142\u0105\u201d<\/p><p>Dzi\u0119kuj\u0119 Sylwi.<\/p>\t\t\t\t\t\t\t\t<\/div>\n\t\t\t\t<\/div>\n\t\t\t\t<div class=\"elementor-element elementor-element-9d06593 elementor-widget elementor-widget-text-editor\" data-id=\"9d06593\" data-element_type=\"widget\" data-widget_type=\"text-editor.default\">\n\t\t\t\t<div class=\"elementor-widget-container\">\n\t\t\t\t\t\t\t\t\t<p><strong>Joanna<\/strong><\/p>\t\t\t\t\t\t\t\t<\/div>\n\t\t\t\t<\/div>\n\t\t\t\t<\/div>\n\t\t<div class=\"elementor-element elementor-element-97651b0 e-con-full e-flex wpr-particle-no wpr-jarallax-no wpr-parallax-no wpr-sticky-section-no e-con e-child\" data-id=\"97651b0\" data-element_type=\"container\">\n\t\t\t\t<div class=\"elementor-element elementor-element-bc6c430 elementor-widget elementor-widget-text-editor\" data-id=\"bc6c430\" data-element_type=\"widget\" data-widget_type=\"text-editor.default\">\n\t\t\t\t<div class=\"elementor-widget-container\">\n\t\t\t\t\t\t\t\t\t<p>\u201e Pan Jezus pokaza\u0142 mi jak wa\u017cne jest s\u0142uchanie Go, czytanie S\u0142owa Bo\u017cego i wdra\u017canie w \u017cycie. Dzi\u0119ki Panu Jezusowi i tre\u015bciom rekolekcji poczu\u0142am \u017ce wystarczy \u017ce jestem. Moje \u017cycie ma warto\u015b\u0107 i wystarczy \u017ce jestem\u201d.<\/p>\t\t\t\t\t\t\t\t<\/div>\n\t\t\t\t<\/div>\n\t\t\t\t<div class=\"elementor-element elementor-element-7d511a3 elementor-widget elementor-widget-text-editor\" data-id=\"7d511a3\" data-element_type=\"widget\" data-widget_type=\"text-editor.default\">\n\t\t\t\t<div class=\"elementor-widget-container\">\n\t\t\t\t\t\t\t\t\t<p>\u201eB\u00f3g na tych rekolekcjach objawi\u0142 mi swoje mi\u0142osierdzie, poszerzy\u0142 moje granice, otworzy\u0142 moje serce na s\u0142owo, dotkn\u0105\u0142 mojego serca. Chc\u0119 by\u0107 bardziej teraz i tu z tym kogo mam obok.\u201d<\/p>\t\t\t\t\t\t\t\t<\/div>\n\t\t\t\t<\/div>\n\t\t\t\t<div class=\"elementor-element elementor-element-bdf8b37 elementor-widget elementor-widget-text-editor\" data-id=\"bdf8b37\" data-element_type=\"widget\" data-widget_type=\"text-editor.default\">\n\t\t\t\t<div class=\"elementor-widget-container\">\n\t\t\t\t\t\t\t\t\t<p>\u201eZasia\u0142 we mnie, wyraz s\u0142owo \u2013 nie mog\u0119 o nim zapomnie\u0107, ci\u0105gle wraca. Mam nadziej\u0119 \u017ce to pocz\u0105tek.\u201d<\/p>\t\t\t\t\t\t\t\t<\/div>\n\t\t\t\t<\/div>\n\t\t\t\t<\/div>\n\t\t\t\t\t<\/div>\n\t\t\t\t<\/div>\n\t\t\t\t<\/div>\n\t\t","protected":false},"excerpt":{"rendered":"<p>D\u0105brownica 2023 \u015awiadectwa \u201eJest we mnie tak wiele, potrzebuje chwili ciszy, zamkni\u0119cia w pokoju z nim aby m\u00f3c to pouk\u0142ada\u0107. Ogromne pragnienie pobycia z Bogiem Ojcem sam na sam, w ma\u0142ym zamkni\u0119tym pokoju, w samotno\u015bci.\u201d \u201eDzi\u0119kuje Bo\u017ce, za uwolnienie z siatki l\u0119ku, powo\u0142anie do Ewangelizacji, mog\u0142am skupi\u0107 si\u0119 na Bogu, \u015bwiadectwo innych kobiet przekonywanie, \u017ce dla Boga nie ma rzeczy niemo\u017cliwych i to On mnie prowadzi, rado\u015b\u0107 w sercu,spe\u0142nienie moich oczekiwa\u0144 przed rekolekcjami, odpocz\u0119\u0142am\u201d. Dorota \u201eB\u00f3g w Tym czasie-o\u015bwieci\u0142 mnie Jak czyta\u0107 Pismo \u015bw, i nim si\u0119 pos\u0142ugiwa\u0107. O\u015bwieci\u0142, wzmocni\u0142 du\u017co ufno\u015bci w Pana Jezusa. Nowa Misja w moim \u017cyciu\u201d. \u201eB\u00f3g da\u0142 mi odpocz\u0105\u0107 przy sobie, przypomnia\u0142 o swojej mi\u0142o\u015bci, uciszy\u0142 emocje, przypomnia\u0142, jakie talenty mi da\u0142, pragnienia. Umocni\u0142 przekonanie, \u017ce wci\u0105\u017c mnie prowadzi i mamy jeszcze wiele do zbawienia. Chwa\u0142a Panu\u201d. \u201eDo\u015bwiadczy\u0142am rado\u015bci, odkry\u0142am rado\u015b\u0107 z ka\u017cdej chwili \u017cycia. Dosta\u0142am moc i wiedze jak dalej \u017cy\u0107\u201d. \u201eDoda\u0142 odwagi w podejmowaniu dzia\u0142ania. Oczy\u015bci\u0142 moje serce z wyrzut\u00f3w sumienia w sakramencie spowiedzi. Pokaza\u0142 drog\u0119 do samoakceptacji. Poczu\u0142am, \u017ce ja tez jestem dla Niego wa\u017cna. Utwierdzi\u0142 mnie w tym, \u017ce mnie kocha\u201d \u201eOd jakiego\u015b czasu prosi\u0142am Pana, aby ods\u0142oni\u0142 ciemne miejsca w moim sercu, gdzie nie dopuszczam \u015bwiat\u0142\u0105, one mnie blokuj\u0105.Na tych rekolekcjach stan\u0119\u0142am w prawdzie przed Bogiem i przed sob\u0105 ,,A Prawda Was wyzwoli\u201dWierz\u0119, \u017ce na Kobieta Kr\u00f3lewski Projekt Prawd\u0105 jest Jezus Chrystus, te ciemne plamy zosta\u0142y zniszczone i wesz\u0142o tam \u015bwiat\u0142o\u201d. Hania \u201eB\u00f3g pokaza\u0142 mi co jest misj\u0105 mojego \u017cycia. M\u00f3wi\u0142 do mnie podczas adoracji, dosta\u0142am S\u0142owo. Do\u015bwiadczy\u0142am Jego obecno\u015bci, spotkania z cudownymi kobietami, kt\u00f3re u\u015bwiadomi\u0142y mi Jego dzia\u0142anie.Doda\u0142 mi odwagi i pokaza\u0142 drog\u0119, kt\u00f3r\u0105 mama i\u015b\u0107. B\u00f3g sprawi\u0142, \u017ce poczu\u0142am si\u0119 dobra, bo jak pojecha\u0142am na rekolekcje czu\u0142am si\u0119, \u017ale fizycznie ( ko\u0142atowanie serca, skoki ci\u015bnienia, z\u0142e samopoczucie).Chwa\u0142a Panu!\u201d. \u201e B\u00f3g pokaza\u0142 mi na tych rek, \u017ce chce mojej wyj\u0105tkowo\u015bci i niepowtarzalno\u015bci, chce bym by\u0142a \u017ar\u00f3d\u0142em a nie kopi\u0105. Pan zach\u0119ca mnie do p\u00f3j\u015bcia dalej, oraz do odrzucenia l\u0119ku zwi\u0105zanego z nowym powo\u0142aniem i jego pomys\u0142ami na moje \u017cycie. Pan pokazuje mi \u017ce mog\u0119 prowadzi\u0107 kr\u00f3lewski \u2013 \u015bwi\u0119ty styl \u017cycia\u201d. B\u00f3g przemienia moje my\u015blenie, uwalnia mnie od moich zniewole\u0144 i l\u0119k\u00f3w,otwiera mnie na ludzi, zabiera mi poczucie zani\u017conej samooceny i nieakceptacji siebie,staj\u0119 w prawdzie ze sob\u0105 sam\u0105. Chwa\u0142a Panu\u201d. \u201eCo B\u00f3g zrobi\u0142 dla mnie w tym czasie? Pozna\u0142am bo\u017ce kobiety, upomnia\u0142 si\u0119 o czas dla siebie, przypomnia\u0142 to co wcze\u015bniej s\u0142ysza\u0142am, przypomnia\u0142 \u017ce jest moim ojcem, jest najwa\u017cniejszy i troszczy si\u0119 o mnie. Do\u015bwiadczy\u0142am Bo\u017cej mi\u0142o\u015bci\u201d \u201e Zobaczy\u0142am relacj\u0119 z m\u0119\u017cem, tak z zewn\u0105trz, co musz\u0119, chc\u0119 poprawi\u0107 i zmieni\u0107. Da\u0142 mi wewn\u0119trzny pok\u00f3j i pewno\u015b\u0107. Powoli zdejmuje uprzedzenia wobec innych os\u00f3b\u201d \u201eCo B\u00f3g zrobi\u0142 dla mnie w tym czasie? Najbardziej uderzy\u0142a mnie rozmowa z ksi\u0119dzem podczas spowiedzi. Otworzy\u0142am swoje serce, pe\u0142na pokoju kt\u00f3rego dozna\u0142am podczas adoracji w Naj\u015bwi\u0119tszym Sakramencie. By\u0142am bardzo uwik\u0142ana w wielk\u0105 sie\u0107 z kt\u00f3rej nie mog\u0142am si\u0119 uwolni\u0107. By\u0142am Bardzo s\u0142aba, pe\u0142na grzechu i l\u0119ku. Pan B\u00f3g \u2013 Tatu\u015b powiedzia\u0142 do mnie Asiu jestem z Tob\u0105, uwierz nie b\u00f3j si\u0119, Ja bardzo Ci\u0119 kocham. Ufaj Mi, Kocham Cie \u2013 oddaj mi siebie ca\u0142\u0105\u201d Dzi\u0119kuj\u0119 Sylwi. Joanna \u201e Pan Jezus pokaza\u0142 mi jak wa\u017cne jest s\u0142uchanie Go, czytanie S\u0142owa Bo\u017cego i wdra\u017canie w \u017cycie. Dzi\u0119ki Panu Jezusowi i tre\u015bciom rekolekcji poczu\u0142am \u017ce wystarczy \u017ce jestem. Moje \u017cycie ma warto\u015b\u0107 i wystarczy \u017ce jestem\u201d. \u201eB\u00f3g na tych rekolekcjach objawi\u0142 mi swoje mi\u0142osierdzie, poszerzy\u0142 moje granice, otworzy\u0142 moje serce na s\u0142owo, dotkn\u0105\u0142 mojego serca. Chc\u0119 by\u0107 bardziej teraz i tu z tym kogo mam obok.\u201d \u201eZasia\u0142 we mnie, wyraz s\u0142owo \u2013 nie mog\u0119 o nim zapomnie\u0107, ci\u0105gle wraca. Mam nadziej\u0119 \u017ce to pocz\u0105tek.\u201d<\/p>\n","protected":false},"author":1,"featured_media":0,"parent":0,"menu_order":0,"comment_status":"closed","ping_status":"closed","template":"","meta":{"site-sidebar-layout":"no-sidebar","site-content-layout":"","ast-site-content-layout":"full-width-container","site-content-style":"default","site-sidebar-style":"default","ast-global-header-display":"","ast-banner-title-visibility":"","ast-main-header-display":"","ast-hfb-above-header-display":"","ast-hfb-below-header-display":"","ast-hfb-mobile-header-display":"","site-post-title":"disabled","ast-breadcrumbs-content":"","ast-featured-img":"disabled","footer-sml-layout":"","theme-transparent-header-meta":"","adv-header-id-meta":"","stick-header-meta":"","header-above-stick-meta":"","header-main-stick-meta":"","header-below-stick-meta":"","astra-migrate-meta-layouts":"default","ast-page-background-enabled":"default","ast-page-background-meta":{"desktop":{"background-color":"var(--ast-global-color-4)","background-image":"","background-repeat":"repeat","background-position":"center center","background-size":"auto","background-attachment":"scroll","background-type":"","background-media":"","overlay-type":"","overlay-color":"","overlay-opacity":"","overlay-gradient":""},"tablet":{"background-color":"","background-image":"","background-repeat":"repeat","background-position":"center center","background-size":"auto","background-attachment":"scroll","background-type":"","background-media":"","overlay-type":"","overlay-color":"","overlay-opacity":"","overlay-gradient":""},"mobile":{"background-color":"","background-image":"","background-repeat":"repeat","background-position":"center center","background-size":"auto","background-attachment":"scroll","background-type":"","background-media":"","overlay-type":"","overlay-color":"","overlay-opacity":"","overlay-gradient":""}},"ast-content-background-meta":{"desktop":{"background-color":"var(--ast-global-color-5)","background-image":"","background-repeat":"repeat","background-position":"center center","background-size":"auto","background-attachment":"scroll","background-type":"","background-media":"","overlay-type":"","overlay-color":"","overlay-opacity":"","overlay-gradient":""},"tablet":{"background-color":"var(--ast-global-color-5)","background-image":"","background-repeat":"repeat","background-position":"center center","background-size":"auto","background-attachment":"scroll","background-type":"","background-media":"","overlay-type":"","overlay-color":"","overlay-opacity":"","overlay-gradient":""},"mobile":{"background-color":"var(--ast-global-color-5)","background-image":"","background-repeat":"repeat","background-position":"center center","background-size":"auto","background-attachment":"scroll","background-type":"","background-media":"","overlay-type":"","overlay-color":"","overlay-opacity":"","overlay-gradient":""}},"footnotes":""},"class_list":["post-913","page","type-page","status-publish","hentry"],"_links":{"self":[{"href":"https:\/\/sw.mikolajsikora.com\/index.php?rest_route=\/wp\/v2\/pages\/913","targetHints":{"allow":["GET"]}}],"collection":[{"href":"https:\/\/sw.mikolajsikora.com\/index.php?rest_route=\/wp\/v2\/pages"}],"about":[{"href":"https:\/\/sw.mikolajsikora.com\/index.php?rest_route=\/wp\/v2\/types\/page"}],"author":[{"embeddable":true,"href":"https:\/\/sw.mikolajsikora.com\/index.php?rest_route=\/wp\/v2\/users\/1"}],"replies":[{"embeddable":true,"href":"https:\/\/sw.mikolajsikora.com\/index.php?rest_route=%2Fwp%2Fv2%2Fcomments&post=913"}],"version-history":[{"count":9,"href":"https:\/\/sw.mikolajsikora.com\/index.php?rest_route=\/wp\/v2\/pages\/913\/revisions"}],"predecessor-version":[{"id":1164,"href":"https:\/\/sw.mikolajsikora.com\/index.php?rest_route=\/wp\/v2\/pages\/913\/revisions\/1164"}],"wp:attachment":[{"href":"https:\/\/sw.mikolajsikora.com\/index.php?rest_route=%2Fwp%2Fv2%2Fmedia&parent=913"}],"curies":[{"name":"wp","href":"https:\/\/api.w.org\/{rel}","templated":true}]}}